	{"id":19,"date":"2007-01-19T15:09:37","date_gmt":"2007-01-19T14:09:37","guid":{"rendered":"http:\/\/www.bfg.asso.fr\/?page_id=19"},"modified":"2025-07-12T07:56:57","modified_gmt":"2025-07-12T05:56:57","slug":"reglement-interieur","status":"publish","type":"page","link":"https:\/\/www.bfg.asso.fr\/?page_id=19","title":{"rendered":"R\u00e8glement Int\u00e9rieur"},"content":{"rendered":"<p><span style=\"color: black\"><strong>R\u00e8glement interne du Moto Club BFG<\/strong><\/span><\/p>\n<ul>\n<li><span style=\"font-size: 12pt\">G\u00c9N\u00c9RALIT\u00c9S<\/span><span style=\"color: black\">:<\/span><\/li>\n<\/ul>\n<p style=\"text-align: justify\" class=\"MsoNormal\">Tout adh\u00e9rent au MOTO CLUB BFG s\u2019engage \u00e0 respecter le pr\u00e9sent r\u00e8glement fixant les r\u00e8gles de fonctionnement \u00e0 l\u2019int\u00e9rieur du Club. Les relations d\u2019ordre g\u00e9n\u00e9ral avec le Club, (Cotisations, demandes de renseignements,) se font avec :<\/p>\n<p class=\"MsoNormal\" align=\"center\"><span style=\"color: black\"><strong>Moto Club BFG<br \/>\nchez L\u00e9o Pichon Sinigaglia<br \/>\n10 La Cartrie<br \/>\n72340 CHAHAIGNES<\/strong><\/span><\/p>\n<p style=\"text-align: justify\" class=\"MsoNormal\">Est consid\u00e9r\u00e9 \u201d Membre du Moto Club BFG \u201d tout adh\u00e9rent \u00e0 jour de sa cotisation, le montant de cette derni\u00e8re \u00e9tant fix\u00e9 pour une ann\u00e9e, \u00e0 chaque Assembl\u00e9e G\u00e9n\u00e9rale organis\u00e9e le week-end de Pentec\u00f4te.<\/p>\n<ul>\n<li><span style=\"color: black\">COTISATION :<\/span><\/li>\n<\/ul>\n<p style=\"text-align: justify\" class=\"MsoNormal\">La cotisation annuelle est propos\u00e9e par les Membres du Bureau lors de l\u2019Assembl\u00e9e G\u00e9n\u00e9rale, vot\u00e9e par les membres pr\u00e9sents ou repr\u00e9sent\u00e9s, puis annonc\u00e9e dans la revue trimestrielle du Club, \u201d LA LETTRE DE L\u2019ODYSSEE \u201c, qui suit cette A.G.<br \/>\nLa cotisation vaut pour une p\u00e9riode allant de \u201d Pentec\u00f4te \u00e0 Pentec\u00f4te \u201c, et le renouvellement du paiement par les adh\u00e9rents doit intervenir lors de l\u2019Assembl\u00e9e G\u00e9n\u00e9rale, ou d\u00e8s r\u00e9ception du Journal du Club comprenant le compte rendu d\u2019A.G. (en principe Juillet) et indiquant le nouveau montant fix\u00e9.<\/p>\n<ul>\n<li><span style=\"color: black\">BULLETIN D\u2019INFORMATION :<\/span><\/li>\n<\/ul>\n<p style=\"text-align: justify\" class=\"MsoNormal\">La revue du MOTO CLUB BFG, d\u00e9nomm\u00e9e \u201d LA LETTRE DE L\u2019ODYSSEE \u201c, parait quatre fois par an, (Janvier, Avril, Juillet et Octobre) pour une diffusion \u00e0 tous les Membres. Elle permet de communiquer avec l\u2019ensemble des Adh\u00e9rents. Chaque Membre a acc\u00e8s \u00e0 la r\u00e9daction de ce bulletin. Les articles \u00e0 para\u00eetre sont d\u2019int\u00e9r\u00eat g\u00e9n\u00e9ral pouvant int\u00e9resser une grande partie des lecteurs :<br \/>\n&#8211; compte rendu de sortie, rassemblements, manifestations diverses,<br \/>\n&#8211; rubrique des lecteurs,<br \/>\n&#8211; petites annonces (gratuites).<br \/>\nCes documents sont \u00e9ventuellement accompagn\u00e9s de photos illustrant le sujet propos\u00e9, et sont adress\u00e9s au plus tard environ quatre \u00e0 cinq semaines avant les parutions pr\u00e9vues, au pr\u00e9sident du Moto Club (articles manuscrits, ou tap\u00e9s \u00e0 la machine, ou en traitement de texte, joindre disquette si possible).<br \/>\nAfin d\u2019\u00e9viter la non-distribution du bulletin par le service des postes, et pour permettre la mise \u00e0 jour permanente du fichier du Club, les adh\u00e9rents doivent signaler au Secr\u00e9tariat leur changement d\u2019adresse dans les meilleurs d\u00e9lais.<\/p>\n<ul>\n<li><span style=\"color: black\">MANIFESTATIONS :<\/span><\/li>\n<\/ul>\n<p style=\"text-align: justify\" class=\"MsoNormal\">Les manifestations du Club (sorties, rassemblements) sont ouvertes aux adh\u00e9rents, et sur invitation de Membres du Club \u00e0 des \u201d non adh\u00e9rents \u201c.<br \/>\nTout participant (adh\u00e9rent ou non) \u00e0 une manifestation du MOTO CLUB BFG devra cependant s\u2019adapter au programme des Organisateurs, et observer les r\u00e8gles suivantes :<br \/>\n&#8211; Se conformer aux prescriptions du Code de la Route, des arr\u00eat\u00e9s municipaux des villes et localit\u00e9s travers\u00e9es,<br \/>\n&#8211; Etre en possession de papiers en r\u00e8gles (permis de conduire, papiers du v\u00e9hicule, couverture minimum l\u00e9gale en mati\u00e8re d\u2019assurance).<br \/>\nEn aucun cas la responsabilit\u00e9 du MOTO CLUB BFG et\/ou des organisateurs ne saurait \u00eatre engag\u00e9e pour tout accident ou incident pouvant survenir lors des manifestations.<br \/>\nPour information des participants \u201d non membres \u201d du Moto Club, une copie de ce r\u00e8glement sera affich\u00e9e par les organisateurs lors de chaque rassemblement.<\/p>\n<ul>\n<li><span style=\"color: black\">BOUTIQUE :<\/span><\/li>\n<\/ul>\n<p style=\"text-align: justify\" class=\"MsoNormal\">L\u2019acc\u00e8s \u00e0 ce service de vente d\u2019articles \u201d Club \u201d est libre. La liste et les prix des articles paraissent avec chaque num\u00e9ro de la \u201d LETTRE DE L\u2019ODYSSEE \u201c.<br \/>\nLes commandes par courrier se font au moyen du \u201d Bon de commande \u201d figurant avec ladite liste, accompagn\u00e9e du r\u00e8glement par ch\u00e8que \u00e0 l\u2019ordre du MOTO CLUB BFG, incluant \u00e9ventuellement les frais d\u2019exp\u00e9dition indiqu\u00e9s sur ledit bon de commande.<\/p>\n<ul>\n<li><span style=\"color: black\">PI\u00c8CES DE RECHANGE :<\/span><\/li>\n<\/ul>\n<p style=\"text-align: justify\" class=\"MsoNormal\">L\u2019acc\u00e8s \u00e0 ce service est exclusivement r\u00e9serv\u00e9 aux Membres du Club, \u00e0 jour de leur cotisation.<br \/>\nDans le cadre de ce service de pi\u00e8ces de rechange, le MOTO CLUB BFG c\u00e8de \u00e0 ses membres des pi\u00e8ces ayant principalement pour origine le stock initial de pi\u00e8ces de rechange (BFG \/ MBK \/ ATELIER PRECISION).<br \/>\nPour certaines r\u00e9f\u00e9rences, le stock a du, cependant, \u00eatre reconstitu\u00e9 :<br \/>\n&#8211; soit par l\u2019achat d\u2019\u00e9l\u00e9ments standard AUTOMOBILE ou MOTO,<br \/>\n&#8211; soit par des refabrications aupr\u00e8s de fabricants sp\u00e9cialis\u00e9s, dans le respect des sp\u00e9cificit\u00e9s des pi\u00e8ces \u201d origine \u201c.<br \/>\nCes r\u00e9f\u00e9rences de \u201d reconstitution \u201d du stock sont annot\u00e9es d\u2019un signe r\u00e9cognitif \u201d R \u201d sur le tarif des pi\u00e8ces de rechange fourni par le Club.<br \/>\nDes pr\u00e9cisions sur les conditions de ces remises en stock sont communiqu\u00e9es aux adh\u00e9rents par le biais de la \u201d LETTRE DE L\u2019ODYSSEE \u201c, au fur et \u00e0 mesure des dossiers, ou \u00e0 tout moment sur demande au Pr\u00e9sident, ou au \u201d correspondant pi\u00e8ces d\u00e9tach\u00e9es \u201c. Les membres peuvent ainsi acqu\u00e9rir les pi\u00e8ces de rechange en toute connaissance quant \u00e0 leur origine.<br \/>\nDans le domaine des pi\u00e8ces de rechange, et en particulier pour les \u00e9l\u00e9ments dont le stock a du \u00eatre reconstitu\u00e9, le MOTO CLUB BFG intervient pour compte de ses membres en tant que \u201d centralisateur des achats et de la distribution \u201c, \u00e0 ce titre il d\u00e9gage toutes responsabilit\u00e9s sur les pi\u00e8ces fournies.<br \/>\nLa demande de pi\u00e8ces d\u00e9tach\u00e9es doit imp\u00e9rativement \u00eatre \u00e9tablie sur le bon de commande \u201d type \u201d fourni par le MOTO CLUB BFG. Ce bon de commande est transmis en double exemplaire au \u00ab correspondant pi\u00e8ces d\u00e9tach\u00e9es \u00bb.<br \/>\nL\u2019Adh\u00e9rent ne peut commander qu\u2019un nombre coh\u00e9rent de pi\u00e8ces correspondant au nombre de BFG en sa possession.<br \/>\nToutes les indications utiles pour l\u2019exploitation de ce bon de commande sont mentionn\u00e9es dans les zones pr\u00e9vues \u00e0 cet effet, le r\u00e8glement incluant les frais de transport (ta rif franco) intervient par ch\u00e8que \u00e0 l\u2019ordre du MOTO CLUB BFG PIECES.<br \/>\nSauf demande sp\u00e9cifique, La livraison des pi\u00e8ces intervient \u00e0 l\u2019adresse de l\u2019adh\u00e9rent dans la quinzaine qui suit la r\u00e9ception de la commande. Les r\u00e9clamations \u00e9ventuelles sur les pi\u00e8ces fournies peuvent se faire dans le d\u00e9lai d\u2019un mois apr\u00e8s exp\u00e9dition, pass\u00e9 ce d\u00e9lai celles-ci ne sont plus recevables.<br \/>\nDans le cas de non r\u00e9ception de la livraison un mois apr\u00e8s la date de la commande, l\u2019adh\u00e9rent adresse sa r\u00e9clamation aupr\u00e8s du \u00abcorrespondant pi\u00e8ces d\u00e9tach\u00e9es \u00bb.<br \/>\nEn cas de pr\u00e9sentation d\u2019un colis en mauvais \u00e9tat par le transporteur ou \u201d la Poste \u201c, faire les r\u00e9serves d\u2019usage aupr\u00e8s du livreur en indiquant \u201csous r\u00e9serves d\u2019objets d\u00e9t\u00e9rior\u00e9s ou manquants\u201d.<br \/>\nLe double de cette d\u00e9claration est adress\u00e9 au MOTO CLUB BFG, (correspondant pi\u00e8ces d\u00e9tach\u00e9es).<\/p>\n","protected":false},"excerpt":{"rendered":"<p>R\u00e8glement interne du Moto Club BFG G\u00c9N\u00c9RALIT\u00c9S: Tout adh\u00e9rent au MOTO CLUB BFG s\u2019engage \u00e0 respecter le pr\u00e9sent r\u00e8glement fixant les r\u00e8gles de fonctionnement \u00e0 l\u2019int\u00e9rieur du Club. Les relations d\u2019ordre g\u00e9n\u00e9ral avec le Club, (Cotisations, demandes de renseignements,) se font avec : Moto Club BFG chez L\u00e9o Pichon Sinigaglia 10 La Cartrie 72340 CHAHAIGNES [&hellip;]<\/p>\n","protected":false},"author":1,"featured_media":0,"parent":16,"menu_order":2,"comment_status":"closed","ping_status":"closed","template":"","meta":{"footnotes":""},"class_list":["post-19","page","type-page","status-publish","hentry"],"_links":{"self":[{"href":"https:\/\/www.bfg.asso.fr\/index.php?rest_route=\/wp\/v2\/pages\/19","targetHints":{"allow":["GET"]}}],"collection":[{"href":"https:\/\/www.bfg.asso.fr\/index.php?rest_route=\/wp\/v2\/pages"}],"about":[{"href":"https:\/\/www.bfg.asso.fr\/index.php?rest_route=\/wp\/v2\/types\/page"}],"author":[{"embeddable":true,"href":"https:\/\/www.bfg.asso.fr\/index.php?rest_route=\/wp\/v2\/users\/1"}],"replies":[{"embeddable":true,"href":"https:\/\/www.bfg.asso.fr\/index.php?rest_route=%2Fwp%2Fv2%2Fcomments&post=19"}],"version-history":[{"count":2,"href":"https:\/\/www.bfg.asso.fr\/index.php?rest_route=\/wp\/v2\/pages\/19\/revisions"}],"predecessor-version":[{"id":2401,"href":"https:\/\/www.bfg.asso.fr\/index.php?rest_route=\/wp\/v2\/pages\/19\/revisions\/2401"}],"up":[{"embeddable":true,"href":"https:\/\/www.bfg.asso.fr\/index.php?rest_route=\/wp\/v2\/pages\/16"}],"wp:attachment":[{"href":"https:\/\/www.bfg.asso.fr\/index.php?rest_route=%2Fwp%2Fv2%2Fmedia&parent=19"}],"curies":[{"name":"wp","href":"https:\/\/api.w.org\/{rel}","templated":true}]}}