	{"id":20,"date":"2007-01-19T15:10:18","date_gmt":"2007-01-19T14:10:18","guid":{"rendered":"http:\/\/www.bfg.asso.fr\/?page_id=20"},"modified":"2007-06-18T22:04:39","modified_gmt":"2007-06-18T21:04:39","slug":"livres-journaux-pubs","status":"publish","type":"page","link":"https:\/\/www.bfg.asso.fr\/?page_id=20","title":{"rendered":"Livres, journaux, pubs, &#8230;"},"content":{"rendered":"<p>Au fil des ans, notre motocyclette f\u00e9tiche s&rsquo;est offerte aux organes de presse. Souvent d\u00e9cri\u00e9e, honnie, plus rarement adul\u00e9e, vous trouverez ci apr\u00e8s un floril\u00e8ge d&rsquo;articles de presse sur la BFG, mais aussi MF et Boccardo.<\/p>\n","protected":false},"excerpt":{"rendered":"<p>Au fil des ans, notre motocyclette f\u00e9tiche s&rsquo;est offerte aux organes de presse. Souvent d\u00e9cri\u00e9e, honnie, plus rarement adul\u00e9e, vous trouverez ci apr\u00e8s un floril\u00e8ge d&rsquo;articles de presse sur la BFG, mais aussi MF et Boccardo.<\/p>\n","protected":false},"author":1,"featured_media":0,"parent":3,"menu_order":0,"comment_status":"closed","ping_status":"closed","template":"","meta":{"footnotes":""},"class_list":["post-20","page","type-page","status-publish","hentry"],"_links":{"self":[{"href":"https:\/\/www.bfg.asso.fr\/index.php?rest_route=\/wp\/v2\/pages\/20","targetHints":{"allow":["GET"]}}],"collection":[{"href":"https:\/\/www.bfg.asso.fr\/index.php?rest_route=\/wp\/v2\/pages"}],"about":[{"href":"https:\/\/www.bfg.asso.fr\/index.php?rest_route=\/wp\/v2\/types\/page"}],"author":[{"embeddable":true,"href":"https:\/\/www.bfg.asso.fr\/index.php?rest_route=\/wp\/v2\/users\/1"}],"replies":[{"embeddable":true,"href":"https:\/\/www.bfg.asso.fr\/index.php?rest_route=%2Fwp%2Fv2%2Fcomments&post=20"}],"version-history":[{"count":0,"href":"https:\/\/www.bfg.asso.fr\/index.php?rest_route=\/wp\/v2\/pages\/20\/revisions"}],"up":[{"embeddable":true,"href":"https:\/\/www.bfg.asso.fr\/index.php?rest_route=\/wp\/v2\/pages\/3"}],"wp:attachment":[{"href":"https:\/\/www.bfg.asso.fr\/index.php?rest_route=%2Fwp%2Fv2%2Fmedia&parent=20"}],"curies":[{"name":"wp","href":"https:\/\/api.w.org\/{rel}","templated":true}]}}