	{"id":22,"date":"2007-01-19T15:12:06","date_gmt":"2007-01-19T14:12:06","guid":{"rendered":"http:\/\/www.bfg.asso.fr\/?page_id=22"},"modified":"2007-03-12T22:43:35","modified_gmt":"2007-03-12T21:43:35","slug":"barigo","status":"publish","type":"page","link":"https:\/\/www.bfg.asso.fr\/?page_id=22","title":{"rendered":"BARIGO"},"content":{"rendered":"<p>Toujours dans la s\u00e9rie<em><strong> \u201cVous avez dit motos fran\u00e7aises?<\/strong><\/em>\u201d<\/p>\n<p><em><strong>\u00ab\u00a0L&rsquo;aventure BARIGO: mythe et r\u00e9alit\u00e9<\/strong><\/em>\u00a0\u00bb  de Thierry CAZENABE<\/p>\n<p>Si le sujet des motos fran\u00e7aises BFG, MF et Boccardo vous a int\u00e9ress\u00e9, lisez cet autre livre passionnant \u00e9crit par Thierry CAZENABE.<\/p>\n<p>Le parcours d&rsquo;un homme, Patrick BARIGAULT. De Thouars (Deux-S\u00e8vres) \u00e0 DAKAR (S\u00e9n\u00e9gal), de la conception \u00e0 la comp\u00e9tition, vous saurez tout des motos BARIGO.<\/p>\n<p>Disponible \u00e0 la boutique du Moto Club.<br \/>\nPour \u00e9crire \u00e0 l\u2019auteur ou lui commander directement le livre \u00ab\u00a0L&rsquo;aventure BARIGO: Mythe et r\u00e9alit\u00e9s\u00a0\u00bb:<\/p>\n<p><a href=\"mailto:thierry.cazenabe@libertysurf.fr?subject=MCBFG&#038;body=12\">Thierry CAZENABE<\/a><img loading=\"lazy\" decoding=\"async\" width=\"150\" height=\"222\" align=\"middle\" alt=\"Vous avez dit ...\" title=\"Vous avez dit ...\" src=\"\/MCBFG\/images-root\/Livre_Barigo.jpg\" \/><\/p>\n","protected":false},"excerpt":{"rendered":"<p>Toujours dans la s\u00e9rie \u201cVous avez dit motos fran\u00e7aises?\u201d \u00ab\u00a0L&rsquo;aventure BARIGO: mythe et r\u00e9alit\u00e9\u00a0\u00bb de Thierry CAZENABE Si le sujet des motos fran\u00e7aises BFG, MF et Boccardo vous a int\u00e9ress\u00e9, lisez cet autre livre passionnant \u00e9crit par Thierry CAZENABE. Le parcours d&rsquo;un homme, Patrick BARIGAULT. De Thouars (Deux-S\u00e8vres) \u00e0 DAKAR (S\u00e9n\u00e9gal), de la conception \u00e0 [&hellip;]<\/p>\n","protected":false},"author":1,"featured_media":0,"parent":20,"menu_order":2,"comment_status":"closed","ping_status":"closed","template":"","meta":{"footnotes":""},"class_list":["post-22","page","type-page","status-publish","hentry"],"_links":{"self":[{"href":"https:\/\/www.bfg.asso.fr\/index.php?rest_route=\/wp\/v2\/pages\/22","targetHints":{"allow":["GET"]}}],"collection":[{"href":"https:\/\/www.bfg.asso.fr\/index.php?rest_route=\/wp\/v2\/pages"}],"about":[{"href":"https:\/\/www.bfg.asso.fr\/index.php?rest_route=\/wp\/v2\/types\/page"}],"author":[{"embeddable":true,"href":"https:\/\/www.bfg.asso.fr\/index.php?rest_route=\/wp\/v2\/users\/1"}],"replies":[{"embeddable":true,"href":"https:\/\/www.bfg.asso.fr\/index.php?rest_route=%2Fwp%2Fv2%2Fcomments&post=22"}],"version-history":[{"count":0,"href":"https:\/\/www.bfg.asso.fr\/index.php?rest_route=\/wp\/v2\/pages\/22\/revisions"}],"up":[{"embeddable":true,"href":"https:\/\/www.bfg.asso.fr\/index.php?rest_route=\/wp\/v2\/pages\/20"}],"wp:attachment":[{"href":"https:\/\/www.bfg.asso.fr\/index.php?rest_route=%2Fwp%2Fv2%2Fmedia&parent=22"}],"curies":[{"name":"wp","href":"https:\/\/api.w.org\/{rel}","templated":true}]}}