	{"id":24,"date":"2007-01-19T15:13:28","date_gmt":"2007-01-19T14:13:28","guid":{"rendered":"http:\/\/www.bfg.asso.fr\/?page_id=24"},"modified":"2021-02-17T15:02:41","modified_gmt":"2021-02-17T14:02:41","slug":"la-presse-specialisee","status":"publish","type":"page","link":"https:\/\/www.bfg.asso.fr\/?page_id=24","title":{"rendered":"La presse sp\u00e9cialis\u00e9e"},"content":{"rendered":"<p>Au fil des ann\u00e9es, les articles sur la BFG dans la presse sp\u00e9cialis\u00e9e. Quelques articles issus de la presse \u00ab\u00a0grand public\u00a0\u00bb et de la presse professionnelle. Voir la galerie <a title=\"galerie\" href=\"\/piwigo\/index.php?\/category\/7\" target=\"_blank\" rel=\"noopener\">ICI<\/a><\/p>\n<p><img decoding=\"async\" id=\"image93\" src=\"https:\/\/www.bfg.asso.fr\/wp-content\/uploads\/2008\/03\/19800214-mr2649-0.jpg\" alt=\"Moto Revue 14 f\u00e9vrier 1980\" \/><img decoding=\"async\" id=\"image94\" src=\"https:\/\/www.bfg.asso.fr\/wp-content\/uploads\/2008\/03\/19811015-mj526-0.jpg\" alt=\"MOTO JOURNAL 526 du 15\/10\/1981\" \/><img decoding=\"async\" id=\"image97\" src=\"https:\/\/www.bfg.asso.fr\/wp-content\/uploads\/2008\/03\/19821202-mj581-0.jpg\" alt=\"MOTO JOURNAL 581 du 02\/12\/1982\" \/><img decoding=\"async\" id=\"image96\" src=\"https:\/\/www.bfg.asso.fr\/wp-content\/uploads\/2008\/03\/19820318-mj548-0.jpg\" alt=\"MOTO JOURNAL 548 du 18\/03\/1981\" \/><\/p>\n","protected":false},"excerpt":{"rendered":"<p>Au fil des ann\u00e9es, les articles sur la BFG dans la presse sp\u00e9cialis\u00e9e. Quelques articles issus de la presse \u00ab\u00a0grand public\u00a0\u00bb et de la presse professionnelle. Voir la galerie ICI<\/p>\n","protected":false},"author":1,"featured_media":0,"parent":3,"menu_order":2,"comment_status":"closed","ping_status":"closed","template":"","meta":{"footnotes":""},"class_list":["post-24","page","type-page","status-publish","hentry"],"_links":{"self":[{"href":"https:\/\/www.bfg.asso.fr\/index.php?rest_route=\/wp\/v2\/pages\/24","targetHints":{"allow":["GET"]}}],"collection":[{"href":"https:\/\/www.bfg.asso.fr\/index.php?rest_route=\/wp\/v2\/pages"}],"about":[{"href":"https:\/\/www.bfg.asso.fr\/index.php?rest_route=\/wp\/v2\/types\/page"}],"author":[{"embeddable":true,"href":"https:\/\/www.bfg.asso.fr\/index.php?rest_route=\/wp\/v2\/users\/1"}],"replies":[{"embeddable":true,"href":"https:\/\/www.bfg.asso.fr\/index.php?rest_route=%2Fwp%2Fv2%2Fcomments&post=24"}],"version-history":[{"count":2,"href":"https:\/\/www.bfg.asso.fr\/index.php?rest_route=\/wp\/v2\/pages\/24\/revisions"}],"predecessor-version":[{"id":1578,"href":"https:\/\/www.bfg.asso.fr\/index.php?rest_route=\/wp\/v2\/pages\/24\/revisions\/1578"}],"up":[{"embeddable":true,"href":"https:\/\/www.bfg.asso.fr\/index.php?rest_route=\/wp\/v2\/pages\/3"}],"wp:attachment":[{"href":"https:\/\/www.bfg.asso.fr\/index.php?rest_route=%2Fwp%2Fv2%2Fmedia&parent=24"}],"curies":[{"name":"wp","href":"https:\/\/api.w.org\/{rel}","templated":true}]}}