	{"id":26,"date":"2007-01-19T15:15:09","date_gmt":"2007-01-19T14:15:09","guid":{"rendered":"http:\/\/www.bfg.asso.fr\/?page_id=26"},"modified":"2019-12-09T19:22:13","modified_gmt":"2019-12-09T18:22:13","slug":"galerie-de-photos","status":"publish","type":"page","link":"https:\/\/www.bfg.asso.fr\/?page_id=26","title":{"rendered":"Photos"},"content":{"rendered":"<p><meta http-equiv=\"refresh\" content=\"9; url=http:\/\/bfg.asso.fr\/piwigo\/\"><\/p>\n<ul>\n<li>Des BFG sous tous les angles.<\/li>\n<p>Vous trouverez l\u00e0 des publicit\u00e9s, des vues de BFG en France et de part le vaste monde, d&rsquo;\u00e9tonnantes BFG en courses, &#8230;. Une section est consacr\u00e9e aux MF, Boccardo et \u00e0 d&rsquo;autres motocyclettes et side car de la g\u00e9n\u00e9ration BFG propuls\u00e9es par un moteur \u00ab\u00a0de grande diffusion\u00a0\u00bb. Et bien plus encore. Bon visionnage!<\/ul>\n<p><a target=\"_blank\" title=\"Galerie de photos\" href=\"http:\/\/bfg.asso.fr\/piwigo\/\" rel=\"noopener noreferrer\">Galerie de photos<\/a><\/p>\n","protected":false},"excerpt":{"rendered":"<p>Des BFG sous tous les angles. Vous trouverez l\u00e0 des publicit\u00e9s, des vues de BFG en France et de part le vaste monde, d&rsquo;\u00e9tonnantes BFG en courses, &#8230;. Une section est consacr\u00e9e aux MF, Boccardo et \u00e0 d&rsquo;autres motocyclettes et side car de la g\u00e9n\u00e9ration BFG propuls\u00e9es par un moteur \u00ab\u00a0de grande diffusion\u00a0\u00bb. Et bien [&hellip;]<\/p>\n","protected":false},"author":1,"featured_media":0,"parent":0,"menu_order":10,"comment_status":"closed","ping_status":"closed","template":"","meta":{"footnotes":""},"class_list":["post-26","page","type-page","status-publish","hentry"],"_links":{"self":[{"href":"https:\/\/www.bfg.asso.fr\/index.php?rest_route=\/wp\/v2\/pages\/26","targetHints":{"allow":["GET"]}}],"collection":[{"href":"https:\/\/www.bfg.asso.fr\/index.php?rest_route=\/wp\/v2\/pages"}],"about":[{"href":"https:\/\/www.bfg.asso.fr\/index.php?rest_route=\/wp\/v2\/types\/page"}],"author":[{"embeddable":true,"href":"https:\/\/www.bfg.asso.fr\/index.php?rest_route=\/wp\/v2\/users\/1"}],"replies":[{"embeddable":true,"href":"https:\/\/www.bfg.asso.fr\/index.php?rest_route=%2Fwp%2Fv2%2Fcomments&post=26"}],"version-history":[{"count":1,"href":"https:\/\/www.bfg.asso.fr\/index.php?rest_route=\/wp\/v2\/pages\/26\/revisions"}],"predecessor-version":[{"id":1384,"href":"https:\/\/www.bfg.asso.fr\/index.php?rest_route=\/wp\/v2\/pages\/26\/revisions\/1384"}],"wp:attachment":[{"href":"https:\/\/www.bfg.asso.fr\/index.php?rest_route=%2Fwp%2Fv2%2Fmedia&parent=26"}],"curies":[{"name":"wp","href":"https:\/\/api.w.org\/{rel}","templated":true}]}}