	{"id":29,"date":"2007-02-11T18:13:30","date_gmt":"2007-02-11T17:13:30","guid":{"rendered":"http:\/\/www.bfg.asso.fr\/?page_id=29"},"modified":"2026-01-19T13:07:08","modified_gmt":"2026-01-19T12:07:08","slug":"liens","status":"publish","type":"page","link":"https:\/\/www.bfg.asso.fr\/?page_id=29","title":{"rendered":"Liens"},"content":{"rendered":"<ul>\n<li style=\"list-style-type: none;\">\n<ul>\n<li><strong>En surfant sur la toile, on y rencontre des BFG:<\/strong><\/li>\n<\/ul>\n<\/li>\n<\/ul>\n<p>&#8211; <a title=\"MotoMagazine\" href=\"http:\/\/www.motomag.com\/Saga-BFG-1300-1978-1996-l-occasion-ratee.html\" target=\"_blank\" rel=\"noopener noreferrer\">Un excellent dossier consacr\u00e9 \u00e0 la BFG sur MOTOMAG.COM<\/a><\/p>\n<p>&#8211; <a title=\"WikiPedia\" href=\"http:\/\/fr.wikipedia.org\/wiki\/BFG_%28constructeur_de_motos%29\" target=\"_blank\" rel=\"noopener noreferrer\">L&rsquo;encyclop\u00e9die en ligne WikiPedia<\/a><\/p>\n<p>&#8211; <a title=\"Le site d'Alain GELY\" href=\"http:\/\/gely.free.fr\/\" target=\"_blank\" rel=\"noopener noreferrer\">Le site d&rsquo;Alain GELY<\/a><\/p>\n<p>&#8211; <a title=\"Le site de Thierry PORTE\" href=\"http:\/\/mespassionsmecanik.chez-alice.fr\/bfg.html\/\" target=\"_blank\" rel=\"noopener noreferrer\">Le site de Thierry PORTE<\/a><\/p>\n<p>&#8211; <a title=\"Le site de Jean Pierre\" href=\"http:\/\/collectionjp.canalblog.com\" target=\"_blank\" rel=\"noopener noreferrer\">Le site de Jean Pierre<\/a><\/p>\n<p>&#8211; Au <a title=\"Antenne 2 20H\" href=\"https:\/\/www.ina.fr\/ina-eclaire-actu\/video\/cab8201318001\/salon-moto\" target=\"_blank\" rel=\"noopener noreferrer\">20 Heures d&rsquo;Antenne 2<\/a>, le salon de la moto 1982 avec pr\u00e9sentation de la BFG.<\/p>\n<p>&#8211; Sur <a title=\"Antenne 2 Midi\" href=\"https:\/\/www.ina.fr\/ina-eclaire-actu\/video\/cab8301567201\/salon-de-la-moto-en-direct\" target=\"_blank\" rel=\"noopener noreferrer\">Antenne 2 Midi<\/a>, le salon de la moto 1983. Thierry Grange, de la maison BFG, devant la cam\u00e9ra.<\/p>\n<p>&#8211; <a title=\"La page de Moto Plan\u00e8te\" href=\"http:\/\/www.motoplanete.com\/BFG\/4091\/1300-1982\/contact.html\" target=\"_blank\" rel=\"noopener noreferrer\">La page de Moto Plan\u00e8te<\/a><\/p>\n<p>&#8211; <a title=\"Le site belge de Erwin OBOURDIN en anglais\" href=\"http:\/\/www.auto-moto.link\/blackattack\/follies\/bfg\/\" target=\"_blank\" rel=\"noopener noreferrer\">Le site belge de Erwin OBOURDIN en anglais<\/a><\/p>\n<p>&#8211; <a title=\"Un site anglais sur BFG et MF\" href=\"http:\/\/www.citroenet.org.uk\/miscellaneous\/bfg\/bfg.htm\" target=\"_blank\" rel=\"noopener noreferrer\">Un site anglais sur BFG et MF<\/a><\/p>\n<p>&#8211; <a title=\"Un site am\u00e9ricain sur des \" href=\"http:\/\/www.designmassif.com\/trihawk\/trihawk_history.html\" target=\"_blank\" rel=\"noopener noreferrer\">Un site am\u00e9ricain sur des \u00ab\u00a0trois roues\/trois traces\u00a0\u00bb dont un \u00e0 moteur GSA 1300<\/a><\/p>\n<ul>\n<li style=\"list-style-type: none;\">\n<ul>\n<li><strong>Quelques sites en relation avec les motocyclettes fabriqu\u00e9es en France:<\/strong><\/li>\n<\/ul>\n<\/li>\n<\/ul>\n<p>&#8211; <a title=\"Les motos BPS\" href=\"https:\/\/vieilleschainesvillefranchoises.e-monsite.com\/pages\/bps-motorcycles\/l-aventure-bps.html\" target=\"_blank\" rel=\"noopener noreferrer\">Les motos BPS<\/a><\/p>\n<p>&#8211; <a title=\"Les motos DAX\" href=\"http:\/\/motosdax.free.fr\/index3.html\" target=\"_blank\" rel=\"noopener noreferrer\">Les motos DAX<\/a><\/p>\n<p>&#8211; <a title=\"Les motos DFR\" href=\"http:\/\/motosdfr.free.fr\/\" target=\"_blank\" rel=\"noopener noreferrer\">Les motos DFR<\/a><\/p>\n<p>&#8211; <a title=\"Les motos GAUTHIER\" href=\"http:\/\/gauthier.gmc.free.fr\/\" target=\"_blank\" rel=\"noopener noreferrer\">Les motos GAUTHIER<\/a><\/p>\n<p>&#8211; <a title=\"Les motos GNOME &amp; RH\u00d4NE\" href=\"http:\/\/www.amicalegnomerhone.net\/\" target=\"_blank\" rel=\"noopener noreferrer\">Les motos GNOME &amp; RH\u00d4NE<\/a><\/p>\n<p>&#8211; <a title=\"Les motos MIDUAL\" href=\"http:\/\/www.midual.com\/\" target=\"_blank\" rel=\"noopener noreferrer\">Les motos MIDUAL<\/a><\/p>\n<p>&#8211; <a title=\"Les motos MOTOBECANE\" href=\"https:\/\/www.motobecane-club-de-france.fr\/\" target=\"_blank\" rel=\"noopener noreferrer\">Les motos MOTOBECANE<\/a><\/p>\n<p>&#8211; <a title=\"Les motos ROYAL MOTO\" href=\"http:\/\/royalmoto125.free.fr\/\" target=\"_blank\" rel=\"noopener noreferrer\">Les motos ROYAL MOTO<\/a><\/p>\n<p>&#8211; <a title=\"Le VOXAN Club de France\" href=\"http:\/\/www.voxanclubdefrance.com\/\" target=\"_blank\" rel=\"noopener noreferrer\">Le VOXAN Club de France<\/a><\/p>\n<ul>\n<li style=\"list-style-type: none;\">\n<ul>\n<li><strong>Sites traitant de la moto ou du side-car:<\/strong><\/li>\n<\/ul>\n<\/li>\n<\/ul>\n<p>&#8211; <a title=\"Amicale Side Cariste de France\" href=\"http:\/\/www.amicale-sidecariste.com\/\" target=\"_blank\" rel=\"noopener noreferrer\">Amicale Side Cariste de France \u00bb<\/a> et <a title=\"Le journal de l'ASF SidKar\" href=\"https:\/\/www.amicale-sidecariste.com\/https-www-amicale-sidecariste-com-\/sidkar\/sidkar.html\" target=\"_blank\" rel=\"noopener noreferrer\"> Le journal de l&rsquo;ASF SidKar<\/a><\/p>\n<p>&#8211; <a title=\"Site \u00ab Cybermotard \u00bb\" href=\"http:\/\/www.cybermotard.com\/\" target=\"_blank\" rel=\"noopener noreferrer\">Site \u00ab Cybermotard \u00bb<\/a><\/p>\n<p>&#8211; <a title=\"Site \u00ab Le repaire des motards \u00bb\" href=\"http:\/\/www.lerepairedesmotards.com\/\" target=\"_blank\" rel=\"noopener noreferrer\">Site \u00ab Le repaire des motards \u00bb<\/a><\/p>\n<p>&#8211; <a title=\"Site consacr\u00e9 aux motards de la Gendarmerie\" href=\"http:\/\/www.motards-de-la-gendarmerie.info\/marques.htm\" target=\"_blank\" rel=\"noopener noreferrer\">Site consacr\u00e9 aux motards de la Gendarmerie<\/a><\/p>\n<ul>\n<li style=\"list-style-type: none;\">\n<ul>\n<li><strong>De l&rsquo;actualit\u00e9 moto:<\/strong><\/li>\n<\/ul>\n<\/li>\n<\/ul>\n<p>&#8211; <a title=\"Site \u00ab E-Motos \u00bb\" href=\"http:\/\/www.emoto.com\/\" target=\"_blank\" rel=\"noopener noreferrer\">Site \u00ab E-Motos \u00bb<\/a><\/p>\n<p>&#8211; <a title=\"Site \u00ab LVA-Moto\" href=\"http:\/\/www.lva-moto.fr\/\" target=\"_blank\" rel=\"noopener noreferrer\">Site \u00ab LVA-Moto\u00bb<\/a><\/p>\n<p>&#8211; <a title=\"Site \u00ab Moto Magazine\u00bb\" href=\"http:\/\/www.motomag.com\/\" target=\"_blank\" rel=\"noopener noreferrer\">Site \u00ab Moto Magazine\u00bb<\/a><\/p>\n<p>&#8211; <a title=\"Site \u00ab Moto Net \u00bb\" href=\"http:\/\/www.moto-net.com\/\" target=\"_blank\" rel=\"noopener noreferrer\">Site \u00ab Moto Net \u00bb<\/a><\/p>\n<p>&#8211; <a title=\"Site \u00ab Moto Plan\u00e8te \u00bb\" href=\"http:\/\/www.motoplanete.com\/\" target=\"_blank\" rel=\"noopener noreferrer\">Site \u00ab Moto Plan\u00e8te \u00bb<\/a><\/p>\n<p>&#8211; <a title=\"Site \u00ab Moto Services\u00bb\" href=\"http:\/\/motoservices.com\/\" target=\"_blank\" rel=\"noopener noreferrer\">Site \u00ab Moto Services\u00bb<\/a><\/p>\n<p>&#8211; <a title=\"Site \u00ab Moto Station\u00bb\" href=\"http:\/\/www.moto-station.com\/\" target=\"_blank\" rel=\"noopener noreferrer\">Site \u00ab Moto Station\u00bb<\/a><\/p>\n<ul>\n<li style=\"list-style-type: none;\">\n<ul>\n<li><strong>Sites sur CITROEN:<\/strong><\/li>\n<\/ul>\n<\/li>\n<\/ul>\n<p>&#8211; <a title=\"En n\u00e9erlandais, site sur les GS\/GSA\u00bb\" href=\"http:\/\/www.gs-gsavereniging.nl\/\" target=\"_blank\" rel=\"noopener noreferrer\">En n\u00e9erlandais, site sur les GS\/GSA <\/a><\/p>\n<ul>\n<li style=\"list-style-type: none;\">\n<ul>\n<li><strong>Au hasard de la toile:<\/strong><\/li>\n<\/ul>\n<\/li>\n<\/ul>\n<p>&#8211; <a title=\"Le site du code de la route\u2026, testez  vos connaissances !\" href=\"http:\/\/www.coderoute.com\/\" target=\"_blank\" rel=\"noopener noreferrer\">Le site du code de la route\u2026, testez vos connaissances !<\/a><\/p>\n<p>Si un lien est rompu, merci de pr\u00e9venir: <a href=\"mailto:admin@bfg.asso.fr?subject=MCBFG&amp;body=12\">admin@bfg.asso.fr<\/a><\/p>\n","protected":false},"excerpt":{"rendered":"<p>En surfant sur la toile, on y rencontre des BFG: &#8211; Un excellent dossier consacr\u00e9 \u00e0 la BFG sur MOTOMAG.COM &#8211; L&rsquo;encyclop\u00e9die en ligne WikiPedia &#8211; Le site d&rsquo;Alain GELY &#8211; Le site de Thierry PORTE &#8211; Le site de Jean Pierre &#8211; Au 20 Heures d&rsquo;Antenne 2, le salon de la moto 1982 avec [&hellip;]<\/p>\n","protected":false},"author":1,"featured_media":0,"parent":0,"menu_order":7,"comment_status":"closed","ping_status":"closed","template":"","meta":{"footnotes":""},"class_list":["post-29","page","type-page","status-publish","hentry"],"_links":{"self":[{"href":"https:\/\/www.bfg.asso.fr\/index.php?rest_route=\/wp\/v2\/pages\/29","targetHints":{"allow":["GET"]}}],"collection":[{"href":"https:\/\/www.bfg.asso.fr\/index.php?rest_route=\/wp\/v2\/pages"}],"about":[{"href":"https:\/\/www.bfg.asso.fr\/index.php?rest_route=\/wp\/v2\/types\/page"}],"author":[{"embeddable":true,"href":"https:\/\/www.bfg.asso.fr\/index.php?rest_route=\/wp\/v2\/users\/1"}],"replies":[{"embeddable":true,"href":"https:\/\/www.bfg.asso.fr\/index.php?rest_route=%2Fwp%2Fv2%2Fcomments&post=29"}],"version-history":[{"count":13,"href":"https:\/\/www.bfg.asso.fr\/index.php?rest_route=\/wp\/v2\/pages\/29\/revisions"}],"predecessor-version":[{"id":2512,"href":"https:\/\/www.bfg.asso.fr\/index.php?rest_route=\/wp\/v2\/pages\/29\/revisions\/2512"}],"wp:attachment":[{"href":"https:\/\/www.bfg.asso.fr\/index.php?rest_route=%2Fwp%2Fv2%2Fmedia&parent=29"}],"curies":[{"name":"wp","href":"https:\/\/api.w.org\/{rel}","templated":true}]}}