	{"id":3,"date":"2007-01-19T13:38:56","date_gmt":"2007-01-19T12:38:56","guid":{"rendered":"http:\/\/www.bfg.asso.fr\/?page_id=3"},"modified":"2007-04-24T13:50:23","modified_gmt":"2007-04-24T12:50:23","slug":"3","status":"publish","type":"page","link":"https:\/\/www.bfg.asso.fr\/?page_id=3","title":{"rendered":"Bibliographie"},"content":{"rendered":"<p class=\"MsoNormal\" style=\"text-align: justify\">Au fil des ann\u00e9es, la BFG int\u00e9resse la presse sp\u00e9cialis\u00e9e. Les gens de Moto-Revue tirent les premiers d\u00e8s le 28 septembre 1978. Puis  Moto-Journal le 26 octobre 1978, Moto-Flash, le tout nouveau Pav\u00e9 Dans La Mare, Moto 1 et les autres p\u00e9riodiques suivent. Mention sp\u00e9ciale pour Le Monde De La Moto, journal \u00e9crit par ses lecteurs, qui publiera nombre d&rsquo;articles sur la BFG, articles souvent consacr\u00e9s au side-car.<br \/>\nPuis nous trouvons la BFG \u00e0 l&rsquo;affiche dans la presse \u00e9trang\u00e8re. Les p\u00e9riodiques, essentiellement europ\u00e9ens, publient quelques essais ou comparatifs: Bike en Grande Bretagne, Motorrad en Allemagne (de l&rsquo;Ouest \u00e0 l&rsquo;\u00e9poque), Moto80 en Belgique, et m\u00eame Moto-Rider aux Etats-Unis!<br \/>\nIl y eut aussi nombres d&rsquo;articles dans la presse \u00ab\u00a0grand public\u00a0\u00bb et de la presse professionnelle. Citons p\u00eale-m\u00eale Auto-Moto, L&rsquo;Argus, Terre-Air-Mer, Challenges, La Vie Ouvri\u00e8re, &#8230;<br \/>\nDe nos jours, c&rsquo;est vers la presse orient\u00e9e \u00ab\u00a0motocyclettes classiques et de collection\u00a0\u00bb qu&rsquo;il faut chercher la BFG. La Vie de la Moto, Motos d&rsquo;Hier, Moto L\u00e9gende, &#8230;<\/p>\n<p class=\"MsoNormal\" style=\"text-align: justify\">A la page suivante, il est question du seul ouvrage ne traitant que de BFG. Il s&rsquo;agit de \u00ab\u00a0Vous avez dit Motos Fran\u00e7aises\u00a0\u00bb de Thierry Cazenabe. En fin de livre, les p\u00e9r\u00e9grinations de MF et Boccardo sont abord\u00e9es.<br \/>\nEnsuite vous est pr\u00e9sent\u00e9, toujours du m\u00eame auteur, la saga des Motos BARIGO.<\/p>\n<p class=\"MsoNormal\" style=\"text-align: justify\">Enfin, la BFG appara\u00eet de mani\u00e8re plus ou moins fugitive dans un certain nombre de livres. En voici un floril\u00e8ge. Notons que tous ces auteurs voient en la BFG une moto de police ou de gendarmerie!<\/p>\n<p class=\"MsoNormal\" style=\"text-align: justify\">Pour terminer, notons que la BFG a aussi su tenir son role de vedette du grand \u00e9cran. Une BFG, sous sa robe MBK, tient un role dans le film du r\u00e9alisateur Roger HANIN \u00ab\u00a0Train d&rsquo;enfer\u00a0\u00bb.<\/p>\n<ul>\n<li><strong>Les Motards de la police, de Robert LE TEXIER, chez Lavauzelle, 1984.<img decoding=\"async\" align=\"right\" title=\"Les motards de la police\" alt=\"Les motards de la police\" src=\"\/MCBFG\/images-root\/Les_motards_police.jpg\" \/><\/strong><\/li>\n<\/ul>\n<p class=\"MsoNormal\" style=\"text-align: justify\">Une rapide apparition \u00e0 la page 85 des BFG aux mains des policiers de l&rsquo;escorte pr\u00e9sidentielle lors de la visite du pape Jean Paul 2. On peut y voir aussi la c\u00e9r\u00e9monie de remise de cadeau lors de la visite du roi d&rsquo;Espagne Juan Carlos, grand amateur de moto. Fran\u00e7ois Mitterrand, pr\u00e9sident de la R\u00e9publique, lui offre une BFG.<br \/>\n<img decoding=\"async\" alt=\"L'escorte pr\u00e9sidentielle avec le pape Jean Paul II\" title=\"L'escorte pr\u00e9sidentielle avec le pape Jean Paul II\" src=\"\/MCBFG\/images-root\/Les_motards_police_pape.jpg\" \/><img decoding=\"async\" src=\"\/MCBFG\/images-root\/Les_motards_police_juan_carlos.jpg\" \/><\/p>\n<ul>\n<li><strong>A\u00efe, de Wolinsky, chez l&rsquo;Echo des savanes\/Albin Michel, 1984<br \/>\n<\/strong><\/li>\n<\/ul>\n<p class=\"MsoNormal\" style=\"text-align: justify\">Deux vignettes dans cet album. Qui ne voit pas l\u00e0 deux BFG dans leur livr\u00e9e bleue gendarmerie?<br \/>\n<img decoding=\"async\" src=\"\/MCBFG\/images-root\/Wolinsky1.jpg\" \/><img decoding=\"async\" src=\"\/MCBFG\/images-root\/Wolinsky2.jpg\" \/><\/p>\n<ul>\n<li><strong>La nuit du motard, de Florence TRYSTAM, chez Hachette, 1985.<img decoding=\"async\" align=\"right\" title=\"La nuit du motard\" alt=\"La nuit du motard\" src=\"\/MCBFG\/images-root\/La_nuit_du_motard.jpg\" \/><\/strong><\/li>\n<\/ul>\n<p class=\"MsoNormal\" style=\"text-align: justify\">Quelques extraits: \u00ab\u00a0p36: &#8230; A plusieurs reprises, R\u00e9gis revit Christian, dont la silhouette massive s&rsquo;accordait avec la puissante BFG aux couleurs de la police; &#8230;\u00a0\u00bb<br \/>\n\u00ab\u00a0p283: &#8230; La concurrence se fait tr\u00e8s dure et ils cherchent \u00e0 s&rsquo;aligner sur les GG, les BFG et toutes les firmes qui font maintenant de tr\u00e8s gros cubes. &#8230;\u00a0\u00bb<br \/>\n\u00ab\u00a0p295: &#8230; A peine la BFG de Christian avait-elle disparu par la rampe, que Lionel rassembla les Motards pr\u00e9sents ce soir l\u00e0 &#8230;\u00a0\u00bb<\/p>\n<ul>\n<li><strong>La moto dans l&rsquo;Arm\u00e9e Fran\u00e7aise, de Michel DURAND, \u00e0 compte d&rsquo;auteur, 1987.<img decoding=\"async\" align=\"right\" title=\"La moto dans l'Arm\u00e9e Fran\u00e7aise\" alt=\"La moto dans l'Arm\u00e9e Fran\u00e7aise\" src=\"\/MCBFG\/images-root\/La_moto_Armee_Francaise.jpg\" \/><\/strong><\/li>\n<\/ul>\n<p class=\"MsoNormal\" style=\"text-align: justify\">Point de BFG dans cet ouvrage consacr\u00e9 \u00e0 la moto dans l&rsquo;arm\u00e9e fran\u00e7aise des origines \u00e0 nos jours.  Cependant y sont pr\u00e9sentes une MF et une 650 LIGIER prototype en version \u00ab\u00a0gendarmerie\u00a0\u00bb en page 176. Ces motos ont \u00e9t\u00e9 exp\u00e9riment\u00e9es par les anges de la route.<br \/>\n<img decoding=\"async\" title=\"MF Gendarmerie\" alt=\"MF Gendarmerie\" src=\"\/MCBFG\/images-root\/La_moto_Armee_Francaise_MF.jpg\" \/><img decoding=\"async\" title=\"Prototype Ligier Gendarmerie\" alt=\"Prototype Ligier Gendarmerie\" src=\"\/MCBFG\/images-root\/La_moto_Armee_Francaise_Ligier.jpg\" \/><\/p>\n<ul>\n<li><strong>Train d&rsquo;enfer, de Roger HANIN, 1984.<img decoding=\"async\" align=\"right\" title=\"Train d'enfer\" alt=\"Train d'enfer\" src=\"\/MCBFG\/images-root\/train_enfer1.jpg\" \/><\/strong><\/li>\n<\/ul>\n<p class=\"MsoNormal\" style=\"text-align: justify\">C&rsquo;est un drame fran\u00e7ais r\u00e9alis\u00e9 par Roger HANIN, avec Roger Hanin (Commissaire Couturier), G\u00e9rard Klein (Salviat), Christine Pascal (Isabelle), Robin Renucci (Muller), Fabrice Eberhard (Lacombe), &#8230;<img decoding=\"async\" align=\"right\" title=\"Train d'enfer\" alt=\"Train d'enfer\" src=\"\/MCBFG\/images-root\/train_enfer2.jpg\" \/><\/p>\n","protected":false},"excerpt":{"rendered":"<p>Au fil des ann\u00e9es, la BFG int\u00e9resse la presse sp\u00e9cialis\u00e9e. Les gens de Moto-Revue tirent les premiers d\u00e8s le 28 septembre 1978. Puis Moto-Journal le 26 octobre 1978, Moto-Flash, le tout nouveau Pav\u00e9 Dans La Mare, Moto 1 et les autres p\u00e9riodiques suivent. Mention sp\u00e9ciale pour Le Monde De La Moto, journal \u00e9crit par ses [&hellip;]<\/p>\n","protected":false},"author":1,"featured_media":0,"parent":0,"menu_order":5,"comment_status":"open","ping_status":"open","template":"","meta":{"footnotes":""},"class_list":["post-3","page","type-page","status-publish","hentry"],"_links":{"self":[{"href":"https:\/\/www.bfg.asso.fr\/index.php?rest_route=\/wp\/v2\/pages\/3","targetHints":{"allow":["GET"]}}],"collection":[{"href":"https:\/\/www.bfg.asso.fr\/index.php?rest_route=\/wp\/v2\/pages"}],"about":[{"href":"https:\/\/www.bfg.asso.fr\/index.php?rest_route=\/wp\/v2\/types\/page"}],"author":[{"embeddable":true,"href":"https:\/\/www.bfg.asso.fr\/index.php?rest_route=\/wp\/v2\/users\/1"}],"replies":[{"embeddable":true,"href":"https:\/\/www.bfg.asso.fr\/index.php?rest_route=%2Fwp%2Fv2%2Fcomments&post=3"}],"version-history":[{"count":0,"href":"https:\/\/www.bfg.asso.fr\/index.php?rest_route=\/wp\/v2\/pages\/3\/revisions"}],"wp:attachment":[{"href":"https:\/\/www.bfg.asso.fr\/index.php?rest_route=%2Fwp%2Fv2%2Fmedia&parent=3"}],"curies":[{"name":"wp","href":"https:\/\/api.w.org\/{rel}","templated":true}]}}