	{"id":4,"date":"2007-01-19T13:40:36","date_gmt":"2007-01-19T12:40:36","guid":{"rendered":"http:\/\/www.bfg.asso.fr\/?page_id=4"},"modified":"2025-07-08T09:54:19","modified_gmt":"2025-07-08T07:54:19","slug":"bienvenue","status":"publish","type":"page","link":"https:\/\/www.bfg.asso.fr\/?page_id=4","title":{"rendered":"Bienvenue"},"content":{"rendered":"<p class=\"MsoNormal\"><strong>Qu&rsquo;est ce que le Moto-Club BFG ?<\/strong><\/p>\n<p class=\"MsoNormal\" style=\"text-align: justify;\"><img loading=\"lazy\" decoding=\"async\" id=\"image122\" src=\"https:\/\/www.bfg.asso.fr\/wp-content\/uploads\/2008\/08\/odyssee.jpg\" alt=\"Odyssee\" width=\"212\" height=\"300\" align=\"right\">Cr\u00e9\u00e9 d\u00e8s 1982, soit presque en m\u00eame temps que la BFG, il rassemble environ 200 adh\u00e9rents, BFGistes et MFistes pour l&rsquo;essentiel, r\u00e9partis sur l&rsquo;ensemble de l&rsquo;hexagone, et m\u00eame \u00e0 l&rsquo;\u00e9tranger.<\/p>\n<ul>\n<li>Comment fonctionne cette association ?<\/li>\n<\/ul>\n<p class=\"MsoNormal\" style=\"text-align: justify;\">Elle est r\u00e9gie par la loi de 1901, d\u00e9clar\u00e9e \u00e0 la pr\u00e9fecture. Chaque trimestre, nous \u00e9ditons \u00ab\u00a0LA LETTRE DE L&rsquo;ODYSSEE\u00a0\u00bb, bulletin de liaison du Club, \u00e9crit par ses membres. (Ce titre provient du nom qui fut donn\u00e9 aux premi\u00e8res dizaines de BFG produites, mais que l&rsquo;usine BFG d\u00fbt abandonner en raison du d\u00e9p\u00f4t de cette appellation en propri\u00e9t\u00e9 industrielle pour des\u2026 caravanes !!!)<\/p>\n<ul>\n<li>Que trouve t-on dans ce bulletin ?<\/li>\n<\/ul>\n<p class=\"MsoNormal\" style=\"text-align: justify;\">&#8211; Des informations sur les hommes et les femmes qui font le Club, sur la moto en g\u00e9n\u00e9ral et sur la BFG en particulier.<br \/>\n&#8211; Le programme des activit\u00e9s pr\u00e9vues, (sorties, rassemblements),<br \/>\n&#8211; Des pages de courriers (trucs, astuces, comptes-rendus de vir\u00e9es, etc&#8230;),<br \/>\n&#8211; Des informations sur l&rsquo;activit\u00e9 Pi\u00e8ces D\u00e9tach\u00e9es, (fabrications, tarif&#8230;),<br \/>\n&#8211; Les accessoires du Club : BFG et MF, documentation technique BFG,<br \/>\n&#8211; Les petites annonces gratuites.<\/p>\n<ul>\n<li>Un peu plus de d\u00e9tails ?<\/li>\n<\/ul>\n<p class=\"MsoNormal\" style=\"text-align: justify;\">Rituellement, chaque ann\u00e9e, a lieu pour la Pentec\u00f4te, et en principe dans le centre de la France, notre Assembl\u00e9e G\u00e9n\u00e9rale, o\u00f9 tous nos adh\u00e9rents se doivent d&rsquo;\u00eatre pr\u00e9sents! Au programme: discussions, renouvellement du <a title=\"Bureau 2016\/2017\" href=\"https:\/\/www.bfg.asso.fr\/?page_id=5\">Bureau<\/a>, calendrier des futurs rassemblements (5 \u00e0 6 par an), projets, etc&#8230; De m\u00eame, ce jour l\u00e0, chacun r\u00e8gle sa (modeste) cotisation de 35 Euros , tarif 2024\/2025, \u00ab\u00a0l&rsquo;ann\u00e9e BFG\u00a0\u00bb allant de Pentec\u00f4te \u00e0 Pentec\u00f4te.<br \/>\nAfin de r\u00e9compenser les participants les plus fervents et les plus assidus \u00e0 nos rassemblements, un challenge a \u00e9t\u00e9 institu\u00e9 d\u00e8s 1982, challenge o\u00f9 sont class\u00e9s les pilotes sur BFG, MF ou autres marques selon le plus grand nombre de kilom\u00e8tres parcourus pour se rendre du domicile au lieu du rassemblement. Il y a trois classements: pilotes Dame, pilote Homme en Solo et pilote Homme en Side-Car.<br \/>\nDepuis Octobre 1995, le Club s&rsquo;occupe par ailleurs de la distribution de pi\u00e8ces d\u00e9tach\u00e9es, pi\u00e8ces d&rsquo;origine ou issues de remises en stock pour les r\u00e9f\u00e9rences devenues indisponibles. Pour cette organisation \u00ab\u00a0pi\u00e8ces d\u00e9tach\u00e9es\u00a0\u00bb, r\u00e9serv\u00e9e aux seuls membres, des nomenclatures, bons de commande et tarifs sont fournis. Ils sont aussi disponibles dans la zone \u00ab\u00a0Adh\u00e9rents\u00a0\u00bb de ce site.<\/p>\n<ul>\n<li>Qu&rsquo;apporte une adh\u00e9sion au Moto Club BFG ?<\/li>\n<\/ul>\n<p class=\"MsoNormal\" style=\"text-align: justify;\"><img loading=\"lazy\" decoding=\"async\" id=\"image124\" src=\"https:\/\/www.bfg.asso.fr\/wp-content\/uploads\/2008\/08\/la_ravoire.jpg\" alt=\"Rassemblement BFG \u00e0 La Ravoire 1983\" width=\"400\" height=\"237\" align=\"left\">Au-del\u00e0 de l&rsquo;aspect purement mat\u00e9riel de la disponibilit\u00e9 des pi\u00e8ces d\u00e9tach\u00e9es, il permet \u00e0 chaque BFGiste, plus ou moins isol\u00e9 dans son \u00ab\u00a0coin de France\u00a0\u00bb, de pouvoir compter sur l&rsquo;exp\u00e9rience et la comp\u00e9tence d&rsquo;utilisateurs exp\u00e9riment\u00e9s, et sur la \u00ab\u00a0m\u00e9moire du club\u00a0\u00bb. La participation \u00e0 quelques rassemblements permet par ailleurs de voir d&rsquo;autres machines, et d&rsquo;\u00e9changer des id\u00e9es avec ceux qui partagent la passion de cette moto tr\u00e8s particuli\u00e8re.<\/p>\n<p class=\"MsoNormal\" style=\"text-align: justify;\">Voil\u00e0 un petit aper\u00e7u du fonctionnement du MOTO CLUB BFG, qui nous l&rsquo;esp\u00e9rons te donnera envie de nous rejoindre.A bient\u00f4t, peut-\u00eatre.<\/p>\n<p><strong>T\u00e9l\u00e9charger<\/strong> le <a id=\"p295\" href=\"\/wp-content\/uploads\/2025\/07\/20250708-adhesion.pdf\" target=\"_blank\" rel=\"noopener\">Bulletin d&rsquo;adh\u00e9sion<\/a> au Moto Club BFG.<\/p>\n<p class=\"MsoNormal\" style=\"text-align: justify;\">Bien amicalement.<\/p>\n","protected":false},"excerpt":{"rendered":"<p>Qu&rsquo;est ce que le Moto-Club BFG ? Cr\u00e9\u00e9 d\u00e8s 1982, soit presque en m\u00eame temps que la BFG, il rassemble environ 200 adh\u00e9rents, BFGistes et MFistes pour l&rsquo;essentiel, r\u00e9partis sur l&rsquo;ensemble de l&rsquo;hexagone, et m\u00eame \u00e0 l&rsquo;\u00e9tranger. Comment fonctionne cette association ? Elle est r\u00e9gie par la loi de 1901, d\u00e9clar\u00e9e \u00e0 la pr\u00e9fecture. Chaque [&hellip;]<\/p>\n","protected":false},"author":1,"featured_media":0,"parent":0,"menu_order":1,"comment_status":"closed","ping_status":"closed","template":"","meta":{"footnotes":""},"class_list":["post-4","page","type-page","status-publish","hentry"],"_links":{"self":[{"href":"https:\/\/www.bfg.asso.fr\/index.php?rest_route=\/wp\/v2\/pages\/4","targetHints":{"allow":["GET"]}}],"collection":[{"href":"https:\/\/www.bfg.asso.fr\/index.php?rest_route=\/wp\/v2\/pages"}],"about":[{"href":"https:\/\/www.bfg.asso.fr\/index.php?rest_route=\/wp\/v2\/types\/page"}],"author":[{"embeddable":true,"href":"https:\/\/www.bfg.asso.fr\/index.php?rest_route=\/wp\/v2\/users\/1"}],"replies":[{"embeddable":true,"href":"https:\/\/www.bfg.asso.fr\/index.php?rest_route=%2Fwp%2Fv2%2Fcomments&post=4"}],"version-history":[{"count":8,"href":"https:\/\/www.bfg.asso.fr\/index.php?rest_route=\/wp\/v2\/pages\/4\/revisions"}],"predecessor-version":[{"id":2397,"href":"https:\/\/www.bfg.asso.fr\/index.php?rest_route=\/wp\/v2\/pages\/4\/revisions\/2397"}],"wp:attachment":[{"href":"https:\/\/www.bfg.asso.fr\/index.php?rest_route=%2Fwp%2Fv2%2Fmedia&parent=4"}],"curies":[{"name":"wp","href":"https:\/\/api.w.org\/{rel}","templated":true}]}}