	{"id":5,"date":"2007-01-19T13:42:01","date_gmt":"2007-01-19T12:42:01","guid":{"rendered":"http:\/\/www.bfg.asso.fr\/?page_id=5"},"modified":"2025-07-11T23:38:44","modified_gmt":"2025-07-11T21:38:44","slug":"le-bureau-du-moto-club-bfg","status":"publish","type":"page","link":"https:\/\/www.bfg.asso.fr\/?page_id=5","title":{"rendered":"Le bureau du Moto Club BFG"},"content":{"rendered":"<div class=\"wp-block-image\">\n<figure class=\"aligncenter size-full\"><a href=\"https:\/\/www.bfg.asso.fr\/wp-content\/uploads\/2023\/08\/2023-2024-bureau.jpg\"><img loading=\"lazy\" decoding=\"async\" width=\"599\" height=\"250\" src=\"https:\/\/www.bfg.asso.fr\/wp-content\/uploads\/2023\/08\/2023-2024-bureau.jpg\" alt=\"\" class=\"wp-image-2148\" srcset=\"https:\/\/www.bfg.asso.fr\/wp-content\/uploads\/2023\/08\/2023-2024-bureau.jpg 599w, https:\/\/www.bfg.asso.fr\/wp-content\/uploads\/2023\/08\/2023-2024-bureau-300x125.jpg 300w\" sizes=\"auto, (max-width: 599px) 100vw, 599px\" \/><\/a><\/figure>\n<\/div>\n\n<p>\u00c9lus lors de l&rsquo;Assembl\u00e9e G\u00e9n\u00e9rale du dimanche 4 juin 2023:<\/p>\n<ul>\n<li>G\u00e9rard <strong>GAILLARD<\/strong>: Pr\u00e9sident, en charge du pilotage de l\u2019association, de l\u2019achat des pi\u00e8ces de rechanges en collaboration avec le vice Pr\u00e9sident en charge des pi\u00e8ces, &#8230;<br \/>\n\u00c9crire \u00e0 G\u00e9rard GAILLARD: <a href=\"mailto:president@bfg.asso.fr?subject=MCBFG&amp;body=12\">president@bfg.asso.fr<\/a><\/li>\n<\/ul>\n<ul>\n<li>Philippe <strong>PERELLE<\/strong>: Vice Pr\u00e9sident, en charge de la documentation historique et technique, migration num\u00e9rique des archives, animateur du pr\u00e9sent site.<br \/>\n\u00c9crire \u00e0 Philippe PERELLE: <a href=\"mailto:admin@bfg.asso.fr?subject=MCBFG&amp;body=12\">admin@bfg.asso.fr<\/a><\/li>\n<\/ul>\n<ul>\n<li>R\u00e9gis <strong>BONNEAU<\/strong>: Vice Pr\u00e9sident, en charge de l\u2019activit\u00e9 pi\u00e8ces : achats, traitement des commandes et exp\u00e9ditions de colis de pi\u00e8ces.<br \/>\n\u00c9crire \u00e0 R\u00e9gis BONNEAU: <a href=\"mailto:correspondant.pieces@bfg.asso.fr?subject=MCBFG&amp;body=12\">correspondant.pieces@bfg.asso.fr<\/a><\/li>\n<\/ul>\n<ul>\n<li>L\u00e9o <strong>PICHON SINIGAGLIA<\/strong>: Secr\u00e9taire, en charge de la gestion du fichier \u00ab\u00a0Adh\u00e9rents\u00a0\u00bb.<br \/>\n\u00c9crire \u00e0 L\u00e9o PICHON SINIGAGLIA: <a href=\"mailto:secretaire@bfg.asso.fr?subject=MCBFG&amp;body=12\" data-wplink-edit=\"true\">secretaire@bfg.asso.fr<\/a><\/li>\n<\/ul>\n<ul>\n<li>Fr\u00e9d\u00e9ric <strong>LALEU<\/strong>: Tr\u00e9sorier.<\/li>\n<\/ul>\n<ul>\n<li>Blaise <strong>HENRY<\/strong>: r\u00e9f\u00e9rent MF (histoire, technique, documentation).<\/li>\n<\/ul>\n<ul>\n<li>Christian <strong>NUVOLONI<\/strong>:en charge de la boutique du Moto Club BFG.<\/li>\n<\/ul>\n<ul>\n<li>Monique et Francis <strong>TROUILLAUD <\/strong>: en charge de la mise en page du bulletin Odyss\u00e9e.<\/li>\n<\/ul>\n<ul>\n<li>Thierry <strong>CASTEL<\/strong>: en charge du journal du Moto Club, la lettre de l&rsquo;Odyss\u00e9e.<\/li>\n<\/ul>\n<ul>\n<li>Marie Claude<strong>DOUNIAUX<\/strong>: Correspondante Presse.<\/li>\n<\/ul>\n<p><img loading=\"lazy\" decoding=\"async\" id=\"image77\" src=\"https:\/\/www.bfg.asso.fr\/wp-content\/uploads\/2023\/08\/gaillard.jpg\" alt=\"G\u00e9rard Gaillard\" width=\"120\" height=\"120\" align=\"left\" \/><img loading=\"lazy\" decoding=\"async\" id=\"image77\" src=\"https:\/\/www.bfg.asso.fr\/wp-content\/uploads\/2007\/12\/perelle.jpg\" alt=\"Philippe Perelle\" width=\"120\" height=\"120\" align=\"left\" \/><img loading=\"lazy\" decoding=\"async\" id=\"image77\" src=\"https:\/\/www.bfg.asso.fr\/wp-content\/uploads\/2023\/08\/bonneau.jpg\" alt=\"R\u00e9gis Bonneau\" width=\"120\" height=\"120\" align=\"left\" \/><img loading=\"lazy\" decoding=\"async\" id=\"image75\" src=\"https:\/\/www.bfg.asso.fr\/wp-content\/uploads\/2007\/12\/laleu.jpg\" alt=\"Fr\u00e9d\u00e9ric Laleu\" width=\"120\" height=\"120\" align=\"left\" \/><img loading=\"lazy\" decoding=\"async\" id=\"image74\" src=\"https:\/\/www.bfg.asso.fr\/wp-content\/uploads\/2007\/12\/henry.jpg\" alt=\"Blaise Henry\" width=\"120\" height=\"120\" align=\"left\" \/><img loading=\"lazy\" decoding=\"async\" id=\"image71\" src=\"https:\/\/www.bfg.asso.fr\/wp-content\/uploads\/2007\/12\/castel.jpg\" alt=\"Thierry Castel\" width=\"120\" height=\"120\" align=\"left\" \/><\/p>","protected":false},"excerpt":{"rendered":"<p>\u00c9lus lors de l&rsquo;Assembl\u00e9e G\u00e9n\u00e9rale du dimanche 4 juin 2023: G\u00e9rard GAILLARD: Pr\u00e9sident, en charge du pilotage de l\u2019association, de l\u2019achat des pi\u00e8ces de rechanges en collaboration avec le vice Pr\u00e9sident en charge des pi\u00e8ces, &#8230; \u00c9crire \u00e0 G\u00e9rard GAILLARD: president@bfg.asso.fr Philippe PERELLE: Vice Pr\u00e9sident, en charge de la documentation historique et technique, migration num\u00e9rique [&hellip;]<\/p>\n","protected":false},"author":1,"featured_media":0,"parent":4,"menu_order":10,"comment_status":"closed","ping_status":"closed","template":"","meta":{"footnotes":""},"class_list":["post-5","page","type-page","status-publish","hentry"],"_links":{"self":[{"href":"https:\/\/www.bfg.asso.fr\/index.php?rest_route=\/wp\/v2\/pages\/5","targetHints":{"allow":["GET"]}}],"collection":[{"href":"https:\/\/www.bfg.asso.fr\/index.php?rest_route=\/wp\/v2\/pages"}],"about":[{"href":"https:\/\/www.bfg.asso.fr\/index.php?rest_route=\/wp\/v2\/types\/page"}],"author":[{"embeddable":true,"href":"https:\/\/www.bfg.asso.fr\/index.php?rest_route=\/wp\/v2\/users\/1"}],"replies":[{"embeddable":true,"href":"https:\/\/www.bfg.asso.fr\/index.php?rest_route=%2Fwp%2Fv2%2Fcomments&post=5"}],"version-history":[{"count":11,"href":"https:\/\/www.bfg.asso.fr\/index.php?rest_route=\/wp\/v2\/pages\/5\/revisions"}],"predecessor-version":[{"id":2400,"href":"https:\/\/www.bfg.asso.fr\/index.php?rest_route=\/wp\/v2\/pages\/5\/revisions\/2400"}],"up":[{"embeddable":true,"href":"https:\/\/www.bfg.asso.fr\/index.php?rest_route=\/wp\/v2\/pages\/4"}],"wp:attachment":[{"href":"https:\/\/www.bfg.asso.fr\/index.php?rest_route=%2Fwp%2Fv2%2Fmedia&parent=5"}],"curies":[{"name":"wp","href":"https:\/\/api.w.org\/{rel}","templated":true}]}}